{"id":73,"date":"2026-04-17T14:26:11","date_gmt":"2026-04-17T14:26:11","guid":{"rendered":"https:\/\/bling.azdigi.shop\/?post_type=product&#038;p=73"},"modified":"2026-04-17T14:26:42","modified_gmt":"2026-04-17T14:26:42","slug":"day-chuyen-bac-unicorn-925","status":"publish","type":"product","link":"https:\/\/bling.azdigi.shop\/?product=day-chuyen-bac-unicorn-925","title":{"rendered":"D\u00e2y chuy\u1ec1n b\u1ea1c Unicorn 925"},"content":{"rendered":"<h1 data-section-id=\"essria\" data-start=\"420\" data-end=\"474\">D\u00e2y chuy\u1ec1n b\u1ea1c unicorn 925 \u2013 D\u1ec5 th\u01b0\u01a1ng v\u00e0 cu\u1ed1n h\u00fat<\/h1>\n<p style=\"text-align: center;\"><img loading=\"lazy\" decoding=\"async\" class=\"alignnone wp-image-32\" src=\"https:\/\/bling.azdigi.shop\/wp-content\/uploads\/2026\/04\/ngua-dep-300x300.jpg\" alt=\"\" width=\"213\" height=\"213\" srcset=\"https:\/\/bling.azdigi.shop\/wp-content\/uploads\/2026\/04\/ngua-dep-300x300.jpg 300w, https:\/\/bling.azdigi.shop\/wp-content\/uploads\/2026\/04\/ngua-dep-150x150.jpg 150w, https:\/\/bling.azdigi.shop\/wp-content\/uploads\/2026\/04\/ngua-dep-768x768.jpg 768w, https:\/\/bling.azdigi.shop\/wp-content\/uploads\/2026\/04\/ngua-dep-600x600.jpg 600w, https:\/\/bling.azdigi.shop\/wp-content\/uploads\/2026\/04\/ngua-dep-100x100.jpg 100w, https:\/\/bling.azdigi.shop\/wp-content\/uploads\/2026\/04\/ngua-dep.jpg 1024w\" sizes=\"auto, (max-width: 213px) 100vw, 213px\" \/><\/p>\n<p data-start=\"476\" data-end=\"646\">D\u00e2y chuy\u1ec1n b\u1ea1c unicorn 925 l\u00e0 m\u1eabu trang s\u1ee9c \u0111\u01b0\u1ee3c nhi\u1ec1u b\u1ea1n tr\u1ebb y\u00eau th\u00edch.<br data-start=\"549\" data-end=\"552\" \/>S\u1ea3n ph\u1ea9m mang v\u1ebb \u0111\u1eb9p nh\u1eb9 nh\u00e0ng v\u00e0 \u0111\u00e1ng y\u00eau.<br data-start=\"595\" data-end=\"598\" \/>Thi\u1ebft k\u1ebf gi\u00fap b\u1ea1n n\u1ed5i b\u1eadt trong m\u1ecdi ho\u00e0n c\u1ea3nh.<\/p>\n<h2 data-section-id=\"13mhd5l\" data-start=\"648\" data-end=\"677\">Thi\u1ebft k\u1ebf unicorn \u0111\u1ed9c \u0111\u00e1o<\/h2>\n<p data-start=\"679\" data-end=\"837\">M\u1eb7t d\u00e2y chuy\u1ec1n t\u1ea1o h\u00ecnh unicorn d\u1ec5 th\u01b0\u01a1ng v\u00e0 tinh t\u1ebf.<br data-start=\"732\" data-end=\"735\" \/>Thi\u1ebft k\u1ebf t\u01b0\u1ee3ng tr\u01b0ng cho s\u1ef1 may m\u1eafn v\u00e0 thu\u1ea7n khi\u1ebft.<br data-start=\"786\" data-end=\"789\" \/>\u0110\u01b0\u1eddng n\u00e9t m\u1ec1m m\u1ea1i gi\u00fap t\u00f4n l\u00ean v\u1ebb \u0111\u1eb9p n\u1eef t\u00ednh.<\/p>\n<h2 data-section-id=\"5gvhnx\" data-start=\"839\" data-end=\"869\">Ch\u1ea5t li\u1ec7u b\u1ea1c 925 cao c\u1ea5p<\/h2>\n<p data-start=\"871\" data-end=\"1033\">D\u00e2y chuy\u1ec1n \u0111\u01b0\u1ee3c l\u00e0m t\u1eeb b\u1ea1c S925 b\u1ec1n \u0111\u1eb9p.<br data-start=\"927\" data-end=\"930\" \/>Ch\u1ea5t li\u1ec7u gi\u00fap s\u1ea3n ph\u1ea9m s\u00e1ng b\u00f3ng v\u00e0 gi\u1eef m\u00e0u l\u00e2u d\u00e0i.<br data-start=\"983\" data-end=\"986\" \/>Trang s\u1ee9c an to\u00e0n cho da v\u00e0 h\u1ea1n ch\u1ebf k\u00edch \u1ee9ng.<\/p>\n<h2 data-section-id=\"aersx5\" data-start=\"1035\" data-end=\"1060\">\u0110\u00e1 l\u1ea5p l\u00e1nh tinh x\u1ea3o<\/h2>\n<p data-start=\"1062\" data-end=\"1218\">Vi\u00ean \u0111\u00e1 \u0111\u00ednh tr\u00ean m\u1eb7t d\u00e2y t\u1ea1o hi\u1ec7u \u1ee9ng \u00e1nh s\u00e1ng n\u1ed5i b\u1eadt.<br data-start=\"1118\" data-end=\"1121\" \/>Thi\u1ebft k\u1ebf gi\u00fap s\u1ea3n ph\u1ea9m tr\u1edf n\u00ean sang tr\u1ecdng h\u01a1n.<br data-start=\"1167\" data-end=\"1170\" \/>\u00c1nh s\u00e1ng ph\u1ea3n chi\u1ebfu gi\u00fap thu h\u00fat m\u1ecdi \u00e1nh nh\u00ecn.<\/p>\n<h2 data-section-id=\"rc7flt\" data-start=\"1220\" data-end=\"1255\">\u00dd ngh\u0129a c\u1ee7a d\u00e2y chuy\u1ec1n unicorn<\/h2>\n<p data-start=\"1257\" data-end=\"1407\">Unicorn t\u01b0\u1ee3ng tr\u01b0ng cho s\u1ef1 thu\u1ea7n khi\u1ebft v\u00e0 may m\u1eafn.<br data-start=\"1307\" data-end=\"1310\" \/>S\u1ea3n ph\u1ea9m mang th\u00f4ng \u0111i\u1ec7p t\u00edch c\u1ef1c v\u00e0 \u0111\u1ea7y hy v\u1ecdng.<br data-start=\"1359\" data-end=\"1362\" \/>\u0110\u00e2y l\u00e0 m\u00f3n trang s\u1ee9c \u00fd ngh\u0129a cho ng\u01b0\u1eddi \u0111eo.<\/p>\n<h2 data-section-id=\"i8uz83\" data-start=\"1409\" data-end=\"1438\">Ph\u00f9 h\u1ee3p nhi\u1ec1u phong c\u00e1ch<\/h2>\n<p data-start=\"1440\" data-end=\"1604\">D\u00e2y chuy\u1ec1n\u00a0 ph\u00f9 h\u1ee3p v\u1edbi nhi\u1ec1u trang ph\u1ee5c kh\u00e1c nhau.<br data-start=\"1506\" data-end=\"1509\" \/>B\u1ea1n c\u00f3 th\u1ec3 \u0111eo khi \u0111i h\u1ecdc, \u0111i l\u00e0m ho\u1eb7c \u0111i ch\u01a1i.<br data-start=\"1556\" data-end=\"1559\" \/>S\u1ea3n ph\u1ea9m c\u0169ng ph\u00f9 h\u1ee3p cho c\u00e1c d\u1ecbp \u0111\u1eb7c bi\u1ec7t.<\/p>\n<h2 data-section-id=\"10jptwp\" data-start=\"1606\" data-end=\"1639\">M\u00f3n qu\u00e0 \u00fd ngh\u0129a cho ph\u00e1i \u0111\u1eb9p<\/h2>\n<p data-start=\"1641\" data-end=\"1803\">D\u00e2y chuy\u1ec1n b\u1ea1c unicorn\u00a0 l\u00e0 m\u00f3n qu\u00e0 tinh t\u1ebf v\u00e0 \u00fd ngh\u0129a.<br data-start=\"1698\" data-end=\"1701\" \/>S\u1ea3n ph\u1ea9m th\u1ec3 hi\u1ec7n s\u1ef1 quan t\u00e2m v\u00e0 t\u00ecnh c\u1ea3m ch\u00e2n th\u00e0nh.<br data-start=\"1754\" data-end=\"1757\" \/>Ph\u00f9 h\u1ee3p cho sinh nh\u1eadt v\u00e0 c\u00e1c d\u1ecbp quan tr\u1ecdng.<\/p>\n<h2 data-section-id=\"1has9ty\" data-start=\"1805\" data-end=\"1830\">L\u00fd do b\u1ea1n n\u00ean s\u1edf h\u1eefu<\/h2>\n<p data-start=\"1832\" data-end=\"1995\">D\u00e2y chuy\u1ec1n b\u1ea1c\u00a0 gi\u00fap b\u1ea1n t\u1ecfa s\u00e1ng m\u1ed7i ng\u00e0y.<br data-start=\"1886\" data-end=\"1889\" \/>Thi\u1ebft k\u1ebf d\u1ec5 th\u01b0\u01a1ng t\u1ea1o \u0111i\u1ec3m nh\u1ea5n cho phong c\u00e1ch c\u00e1 nh\u00e2n.<br data-start=\"1945\" data-end=\"1948\" \/>S\u1ea3n ph\u1ea9m l\u00e0 l\u1ef1a ch\u1ecdn ho\u00e0n h\u1ea3o cho m\u1ecdi c\u00f4 g\u00e1i.<\/p>\n","protected":false},"excerpt":{"rendered":"<p>D\u00e2y chuy\u1ec1n b\u1ea1c unicorn 925 l\u00e0 m\u1eabu trang s\u1ee9c \u0111\u01b0\u1ee3c nhi\u1ec1u b\u1ea1n tr\u1ebb y\u00eau th\u00edch.<br data-start=\"549\" data-end=\"552\" \/>S\u1ea3n ph\u1ea9m mang v\u1ebb \u0111\u1eb9p nh\u1eb9 nh\u00e0ng v\u00e0 \u0111\u00e1ng y\u00eau.<br data-start=\"595\" data-end=\"598\" \/>Thi\u1ebft k\u1ebf gi\u00fap b\u1ea1n n\u1ed5i b\u1eadt trong m\u1ecdi ho\u00e0n c\u1ea3nh.<\/p>\n","protected":false},"featured_media":32,"comment_status":"open","ping_status":"closed","template":"","meta":[],"product_brand":[],"product_cat":[16],"product_tag":[],"class_list":{"0":"post-73","1":"product","2":"type-product","3":"status-publish","4":"has-post-thumbnail","6":"product_cat-day-chuyen","8":"first","9":"instock","10":"sale","11":"shipping-taxable","12":"purchasable","13":"product-type-variable"},"yoast_head":"<!-- This site is optimized with the Yoast SEO plugin v27.4 - https:\/\/yoast.com\/product\/yoast-seo-wordpress\/ -->\n<title>D\u00e2y chuy\u1ec1n b\u1ea1c Unicorn 925 - Ara Jewelry<\/title>\n<meta name=\"description\" content=\"D\u00e2y chuy\u1ec1n b\u1ea1c unicorn 925 thi\u1ebft k\u1ebf tinh t\u1ebf, \u0111\u00ednh \u0111\u00e1 l\u1ea5p l\u00e1nh, phong c\u00e1ch tr\u1ebb trung, d\u1ec5 ph\u1ed1i \u0111\u1ed3, qu\u00e0 t\u1eb7ng \u00fd ngh\u0129a cho ph\u00e1i \u0111\u1eb9p.\" \/>\n<meta name=\"robots\" content=\"index, follow, max-snippet:-1, max-image-preview:large, max-video-preview:-1\" \/>\n<link rel=\"canonical\" href=\"https:\/\/bling.azdigi.shop\/?product=day-chuyen-bac-unicorn-925\" \/>\n<meta property=\"og:locale\" content=\"vi_VN\" \/>\n<meta property=\"og:type\" content=\"article\" \/>\n<meta property=\"og:title\" content=\"D\u00e2y chuy\u1ec1n b\u1ea1c Unicorn 925 - Ara Jewelry\" \/>\n<meta property=\"og:description\" content=\"D\u00e2y chuy\u1ec1n b\u1ea1c unicorn 925 thi\u1ebft k\u1ebf tinh t\u1ebf, \u0111\u00ednh \u0111\u00e1 l\u1ea5p l\u00e1nh, phong c\u00e1ch tr\u1ebb trung, d\u1ec5 ph\u1ed1i \u0111\u1ed3, qu\u00e0 t\u1eb7ng \u00fd ngh\u0129a cho ph\u00e1i \u0111\u1eb9p.\" \/>\n<meta property=\"og:url\" content=\"https:\/\/bling.azdigi.shop\/?product=day-chuyen-bac-unicorn-925\" \/>\n<meta property=\"og:site_name\" content=\"Ara Jewelry\" \/>\n<meta property=\"article:modified_time\" content=\"2026-04-17T14:26:42+00:00\" \/>\n<meta property=\"og:image\" content=\"https:\/\/bling.azdigi.shop\/wp-content\/uploads\/2026\/04\/ngua-dep.jpg\" \/>\n\t<meta property=\"og:image:width\" content=\"1024\" \/>\n\t<meta property=\"og:image:height\" content=\"1024\" \/>\n\t<meta property=\"og:image:type\" content=\"image\/jpeg\" \/>\n<meta name=\"twitter:card\" content=\"summary_large_image\" \/>\n<meta name=\"twitter:label1\" content=\"\u01af\u1edbc t\u00ednh th\u1eddi gian \u0111\u1ecdc\" \/>\n\t<meta name=\"twitter:data1\" content=\"2 ph\u00fat\" \/>\n<script type=\"application\/ld+json\" class=\"yoast-schema-graph\">{\"@context\":\"https:\\\/\\\/schema.org\",\"@graph\":[{\"@type\":\"WebPage\",\"@id\":\"https:\\\/\\\/bling.azdigi.shop\\\/?product=day-chuyen-bac-unicorn-925\",\"url\":\"https:\\\/\\\/bling.azdigi.shop\\\/?product=day-chuyen-bac-unicorn-925\",\"name\":\"D\u00e2y chuy\u1ec1n b\u1ea1c Unicorn 925 - Ara Jewelry\",\"isPartOf\":{\"@id\":\"https:\\\/\\\/bling.azdigi.shop\\\/#website\"},\"primaryImageOfPage\":{\"@id\":\"https:\\\/\\\/bling.azdigi.shop\\\/?product=day-chuyen-bac-unicorn-925#primaryimage\"},\"image\":{\"@id\":\"https:\\\/\\\/bling.azdigi.shop\\\/?product=day-chuyen-bac-unicorn-925#primaryimage\"},\"thumbnailUrl\":\"https:\\\/\\\/bling.azdigi.shop\\\/wp-content\\\/uploads\\\/2026\\\/04\\\/ngua-dep.jpg\",\"datePublished\":\"2026-04-17T14:26:11+00:00\",\"dateModified\":\"2026-04-17T14:26:42+00:00\",\"description\":\"D\u00e2y chuy\u1ec1n b\u1ea1c unicorn 925 thi\u1ebft k\u1ebf tinh t\u1ebf, \u0111\u00ednh \u0111\u00e1 l\u1ea5p l\u00e1nh, phong c\u00e1ch tr\u1ebb trung, d\u1ec5 ph\u1ed1i \u0111\u1ed3, qu\u00e0 t\u1eb7ng \u00fd ngh\u0129a cho ph\u00e1i \u0111\u1eb9p.\",\"breadcrumb\":{\"@id\":\"https:\\\/\\\/bling.azdigi.shop\\\/?product=day-chuyen-bac-unicorn-925#breadcrumb\"},\"inLanguage\":\"vi\",\"potentialAction\":[{\"@type\":\"ReadAction\",\"target\":[\"https:\\\/\\\/bling.azdigi.shop\\\/?product=day-chuyen-bac-unicorn-925\"]}]},{\"@type\":\"ImageObject\",\"inLanguage\":\"vi\",\"@id\":\"https:\\\/\\\/bling.azdigi.shop\\\/?product=day-chuyen-bac-unicorn-925#primaryimage\",\"url\":\"https:\\\/\\\/bling.azdigi.shop\\\/wp-content\\\/uploads\\\/2026\\\/04\\\/ngua-dep.jpg\",\"contentUrl\":\"https:\\\/\\\/bling.azdigi.shop\\\/wp-content\\\/uploads\\\/2026\\\/04\\\/ngua-dep.jpg\",\"width\":1024,\"height\":1024},{\"@type\":\"BreadcrumbList\",\"@id\":\"https:\\\/\\\/bling.azdigi.shop\\\/?product=day-chuyen-bac-unicorn-925#breadcrumb\",\"itemListElement\":[{\"@type\":\"ListItem\",\"position\":1,\"name\":\"Home\",\"item\":\"https:\\\/\\\/bling.azdigi.shop\\\/\"},{\"@type\":\"ListItem\",\"position\":2,\"name\":\"Shop\",\"item\":\"https:\\\/\\\/bling.azdigi.shop\\\/?page_id=8\"},{\"@type\":\"ListItem\",\"position\":3,\"name\":\"D\u00e2y chuy\u1ec1n b\u1ea1c Unicorn 925\"}]},{\"@type\":\"WebSite\",\"@id\":\"https:\\\/\\\/bling.azdigi.shop\\\/#website\",\"url\":\"https:\\\/\\\/bling.azdigi.shop\\\/\",\"name\":\"Ara Jewelry\",\"description\":\"\",\"potentialAction\":[{\"@type\":\"SearchAction\",\"target\":{\"@type\":\"EntryPoint\",\"urlTemplate\":\"https:\\\/\\\/bling.azdigi.shop\\\/?s={search_term_string}\"},\"query-input\":{\"@type\":\"PropertyValueSpecification\",\"valueRequired\":true,\"valueName\":\"search_term_string\"}}],\"inLanguage\":\"vi\"}]}<\/script>\n<!-- \/ Yoast SEO plugin. -->","yoast_head_json":{"title":"D\u00e2y chuy\u1ec1n b\u1ea1c Unicorn 925 - Ara Jewelry","description":"D\u00e2y chuy\u1ec1n b\u1ea1c unicorn 925 thi\u1ebft k\u1ebf tinh t\u1ebf, \u0111\u00ednh \u0111\u00e1 l\u1ea5p l\u00e1nh, phong c\u00e1ch tr\u1ebb trung, d\u1ec5 ph\u1ed1i \u0111\u1ed3, qu\u00e0 t\u1eb7ng \u00fd ngh\u0129a cho ph\u00e1i \u0111\u1eb9p.","robots":{"index":"index","follow":"follow","max-snippet":"max-snippet:-1","max-image-preview":"max-image-preview:large","max-video-preview":"max-video-preview:-1"},"canonical":"https:\/\/bling.azdigi.shop\/?product=day-chuyen-bac-unicorn-925","og_locale":"vi_VN","og_type":"article","og_title":"D\u00e2y chuy\u1ec1n b\u1ea1c Unicorn 925 - Ara Jewelry","og_description":"D\u00e2y chuy\u1ec1n b\u1ea1c unicorn 925 thi\u1ebft k\u1ebf tinh t\u1ebf, \u0111\u00ednh \u0111\u00e1 l\u1ea5p l\u00e1nh, phong c\u00e1ch tr\u1ebb trung, d\u1ec5 ph\u1ed1i \u0111\u1ed3, qu\u00e0 t\u1eb7ng \u00fd ngh\u0129a cho ph\u00e1i \u0111\u1eb9p.","og_url":"https:\/\/bling.azdigi.shop\/?product=day-chuyen-bac-unicorn-925","og_site_name":"Ara Jewelry","article_modified_time":"2026-04-17T14:26:42+00:00","og_image":[{"width":1024,"height":1024,"url":"https:\/\/bling.azdigi.shop\/wp-content\/uploads\/2026\/04\/ngua-dep.jpg","type":"image\/jpeg"}],"twitter_card":"summary_large_image","twitter_misc":{"\u01af\u1edbc t\u00ednh th\u1eddi gian \u0111\u1ecdc":"2 ph\u00fat"},"schema":{"@context":"https:\/\/schema.org","@graph":[{"@type":"WebPage","@id":"https:\/\/bling.azdigi.shop\/?product=day-chuyen-bac-unicorn-925","url":"https:\/\/bling.azdigi.shop\/?product=day-chuyen-bac-unicorn-925","name":"D\u00e2y chuy\u1ec1n b\u1ea1c Unicorn 925 - Ara Jewelry","isPartOf":{"@id":"https:\/\/bling.azdigi.shop\/#website"},"primaryImageOfPage":{"@id":"https:\/\/bling.azdigi.shop\/?product=day-chuyen-bac-unicorn-925#primaryimage"},"image":{"@id":"https:\/\/bling.azdigi.shop\/?product=day-chuyen-bac-unicorn-925#primaryimage"},"thumbnailUrl":"https:\/\/bling.azdigi.shop\/wp-content\/uploads\/2026\/04\/ngua-dep.jpg","datePublished":"2026-04-17T14:26:11+00:00","dateModified":"2026-04-17T14:26:42+00:00","description":"D\u00e2y chuy\u1ec1n b\u1ea1c unicorn 925 thi\u1ebft k\u1ebf tinh t\u1ebf, \u0111\u00ednh \u0111\u00e1 l\u1ea5p l\u00e1nh, phong c\u00e1ch tr\u1ebb trung, d\u1ec5 ph\u1ed1i \u0111\u1ed3, qu\u00e0 t\u1eb7ng \u00fd ngh\u0129a cho ph\u00e1i \u0111\u1eb9p.","breadcrumb":{"@id":"https:\/\/bling.azdigi.shop\/?product=day-chuyen-bac-unicorn-925#breadcrumb"},"inLanguage":"vi","potentialAction":[{"@type":"ReadAction","target":["https:\/\/bling.azdigi.shop\/?product=day-chuyen-bac-unicorn-925"]}]},{"@type":"ImageObject","inLanguage":"vi","@id":"https:\/\/bling.azdigi.shop\/?product=day-chuyen-bac-unicorn-925#primaryimage","url":"https:\/\/bling.azdigi.shop\/wp-content\/uploads\/2026\/04\/ngua-dep.jpg","contentUrl":"https:\/\/bling.azdigi.shop\/wp-content\/uploads\/2026\/04\/ngua-dep.jpg","width":1024,"height":1024},{"@type":"BreadcrumbList","@id":"https:\/\/bling.azdigi.shop\/?product=day-chuyen-bac-unicorn-925#breadcrumb","itemListElement":[{"@type":"ListItem","position":1,"name":"Home","item":"https:\/\/bling.azdigi.shop\/"},{"@type":"ListItem","position":2,"name":"Shop","item":"https:\/\/bling.azdigi.shop\/?page_id=8"},{"@type":"ListItem","position":3,"name":"D\u00e2y chuy\u1ec1n b\u1ea1c Unicorn 925"}]},{"@type":"WebSite","@id":"https:\/\/bling.azdigi.shop\/#website","url":"https:\/\/bling.azdigi.shop\/","name":"Ara Jewelry","description":"","potentialAction":[{"@type":"SearchAction","target":{"@type":"EntryPoint","urlTemplate":"https:\/\/bling.azdigi.shop\/?s={search_term_string}"},"query-input":{"@type":"PropertyValueSpecification","valueRequired":true,"valueName":"search_term_string"}}],"inLanguage":"vi"}]}},"_links":{"self":[{"href":"https:\/\/bling.azdigi.shop\/index.php?rest_route=\/wp\/v2\/product\/73","targetHints":{"allow":["GET"]}}],"collection":[{"href":"https:\/\/bling.azdigi.shop\/index.php?rest_route=\/wp\/v2\/product"}],"about":[{"href":"https:\/\/bling.azdigi.shop\/index.php?rest_route=\/wp\/v2\/types\/product"}],"replies":[{"embeddable":true,"href":"https:\/\/bling.azdigi.shop\/index.php?rest_route=%2Fwp%2Fv2%2Fcomments&post=73"}],"wp:featuredmedia":[{"embeddable":true,"href":"https:\/\/bling.azdigi.shop\/index.php?rest_route=\/wp\/v2\/media\/32"}],"wp:attachment":[{"href":"https:\/\/bling.azdigi.shop\/index.php?rest_route=%2Fwp%2Fv2%2Fmedia&parent=73"}],"wp:term":[{"taxonomy":"product_brand","embeddable":true,"href":"https:\/\/bling.azdigi.shop\/index.php?rest_route=%2Fwp%2Fv2%2Fproduct_brand&post=73"},{"taxonomy":"product_cat","embeddable":true,"href":"https:\/\/bling.azdigi.shop\/index.php?rest_route=%2Fwp%2Fv2%2Fproduct_cat&post=73"},{"taxonomy":"product_tag","embeddable":true,"href":"https:\/\/bling.azdigi.shop\/index.php?rest_route=%2Fwp%2Fv2%2Fproduct_tag&post=73"}],"curies":[{"name":"wp","href":"https:\/\/api.w.org\/{rel}","templated":true}]}}