{"id":259,"date":"2026-04-17T16:38:09","date_gmt":"2026-04-17T16:38:09","guid":{"rendered":"https:\/\/bling.azdigi.shop\/?post_type=product&#038;p=259"},"modified":"2026-04-17T16:38:09","modified_gmt":"2026-04-17T16:38:09","slug":"lac-tay-mong-manh-nhe-nhang","status":"publish","type":"product","link":"https:\/\/bling.azdigi.shop\/?product=lac-tay-mong-manh-nhe-nhang","title":{"rendered":"L\u1eafc tay m\u1ecfng manh, nh\u1eb9 nh\u00e0ng, ph\u00f9 h\u1ee3p v\u1edbi m\u1ecdi phong c\u00e1ch"},"content":{"rendered":"<h2>L\u1eafc Tay M\u1ecfng L\u00e0 G\u00ec?<\/h2>\n<p class=\"isSelectedEnd\"><strong>L\u1eafc tay m\u1ecfng<\/strong> l\u00e0 ki\u1ec3u <a href=\"https:\/\/bling.azdigi.shop\/wp-admin\/post-new.php?post_type=product\" target=\"_blank\" rel=\"noopener\">trang s\u1ee9c<\/a> c\u00f3 thi\u1ebft k\u1ebf thanh m\u1ea3nh, nh\u1eb9 nh\u00e0ng, th\u01b0\u1eddng \u0111\u01b0\u1ee3c ch\u1ebf t\u00e1c t\u1eeb v\u00e0ng, b\u1ea1c ho\u1eb7c h\u1ee3p kim cao c\u1ea5p. V\u1edbi v\u1ebb ngo\u00e0i tinh t\u1ebf, mang l\u1ea1i c\u1ea3m gi\u00e1c thanh l\u1ecbch v\u00e0 ph\u00f9 h\u1ee3p v\u1edbi nhi\u1ec1u phong c\u00e1ch kh\u00e1c nhau.<\/p>\n<div contenteditable=\"false\">\n<hr \/>\n<\/div>\n<h2>1. V\u00ec Sao ch\u00fang \u0110\u01b0\u1ee3c \u01afa Chu\u1ed9ng?<\/h2>\n<p class=\"isSelectedEnd\">Trong xu h\u01b0\u1edbng th\u1eddi trang hi\u1ec7n \u0111\u1ea1i, s\u1ef1 t\u1ed1i gi\u1ea3n l\u00ean ng\u00f4i. Ch\u00fang tr\u1edf th\u00e0nh l\u1ef1a ch\u1ecdn h\u00e0ng \u0111\u1ea7u b\u1edfi:<\/p>\n<ul data-spread=\"false\">\n<li>Thi\u1ebft k\u1ebf \u0111\u01a1n gi\u1ea3n nh\u01b0ng tinh t\u1ebf<\/li>\n<li>D\u1ec5 d\u00e0ng k\u1ebft h\u1ee3p v\u1edbi nhi\u1ec1u lo\u1ea1i trang ph\u1ee5c<\/li>\n<li>Ph\u00f9 h\u1ee3p v\u1edbi nhi\u1ec1u \u0111\u1ed9 tu\u1ed5i<\/li>\n<li>T\u1ea1o c\u1ea3m gi\u00e1c nh\u1eb9 nh\u00e0ng, n\u1eef t\u00ednh<\/li>\n<\/ul>\n<p class=\"isSelectedEnd\">\u0110\u00e2y l\u00e0 m\u00f3n trang s\u1ee9c \u201cnh\u1ecf nh\u01b0ng c\u00f3 v\u00f5\u201d gi\u00fap n\u00e2ng t\u1ea7m phong c\u00e1ch.<\/p>\n<div contenteditable=\"false\">\n<hr \/>\n<\/div>\n<h2>2. C\u00e1c Lo\u1ea1i L\u1eafc <a href=\"https:\/\/share.google\/1uby6BVTZfksZzt17\" target=\"_blank\" rel=\"noopener\">Ph\u1ed5 Bi\u1ebfn<\/a><\/h2>\n<p class=\"isSelectedEnd\">Hi\u1ec7n nay, <strong>l\u1eafc tay <\/strong>\u00a0\u0111\u01b0\u1ee3c thi\u1ebft k\u1ebf \u0111a d\u1ea1ng:<\/p>\n<h3>L\u1eafc tay v\u00e0ng<\/h3>\n<ul data-spread=\"false\">\n<li>Sang tr\u1ecdng, qu\u00fd ph\u00e1i<\/li>\n<li>Ph\u00f9 h\u1ee3p v\u1edbi s\u1ef1 ki\u1ec7n ho\u1eb7c m\u00f4i tr\u01b0\u1eddng c\u00f4ng s\u1edf<\/li>\n<\/ul>\n<h3>L\u1eafc tay b\u1ea1c<\/h3>\n<ul data-spread=\"false\">\n<li>Tr\u1ebb trung, hi\u1ec7n \u0111\u1ea1i<\/li>\n<li>Gi\u00e1 th\u00e0nh h\u1ee3p l\u00fd<\/li>\n<\/ul>\n<h3>L\u1eafc tay m\u1ecfng \u0111\u00ednh \u0111\u00e1<\/h3>\n<ul data-spread=\"false\">\n<li>T\u1ea1o \u0111i\u1ec3m nh\u1ea5n l\u1ea5p l\u00e1nh<\/li>\n<li>Ph\u00f9 h\u1ee3p khi \u0111i ti\u1ec7c ho\u1eb7c d\u1ecbp \u0111\u1eb7c bi\u1ec7t<\/li>\n<\/ul>\n<div contenteditable=\"false\">\n<hr \/>\n<\/div>\n<h2><\/h2>\n","protected":false},"excerpt":{"rendered":"<p>L\u1eafc Tay M\u1ecfng L\u00e0 G\u00ec? L\u1eafc tay m\u1ecfng l\u00e0 ki\u1ec3u trang s\u1ee9c c\u00f3 thi\u1ebft k\u1ebf thanh m\u1ea3nh, nh\u1eb9 nh\u00e0ng, th\u01b0\u1eddng \u0111\u01b0\u1ee3c ch\u1ebf t\u00e1c t\u1eeb v\u00e0ng, b\u1ea1c ho\u1eb7c h\u1ee3p kim cao c\u1ea5p. V\u1edbi v\u1ebb ngo\u00e0i tinh t\u1ebf, mang l\u1ea1i c\u1ea3m gi\u00e1c thanh l\u1ecbch v\u00e0 ph\u00f9 h\u1ee3p v\u1edbi nhi\u1ec1u phong c\u00e1ch kh\u00e1c nhau. 1. V\u00ec Sao ch\u00fang [&#8230;]\n","protected":false},"featured_media":165,"comment_status":"open","ping_status":"closed","template":"","meta":[],"product_brand":[],"product_cat":[18],"product_tag":[],"class_list":{"0":"post-259","1":"product","2":"type-product","3":"status-publish","4":"has-post-thumbnail","6":"product_cat-vong-tay","8":"first","9":"instock","10":"shipping-taxable","11":"purchasable","12":"product-type-variable"},"yoast_head":"<!-- This site is optimized with the Yoast SEO plugin v27.4 - https:\/\/yoast.com\/product\/yoast-seo-wordpress\/ -->\n<title>L\u1eafc tay m\u1ecfng manh, nh\u1eb9 nh\u00e0ng, ph\u00f9 h\u1ee3p v\u1edbi m\u1ecdi phong c\u00e1ch - Ara Jewelry<\/title>\n<meta name=\"description\" content=\"T\u00ecm hi\u1ec3u l\u1eafc tay m\u1ecfng \u2013 ph\u1ee5 ki\u1ec7n trang s\u1ee9c thanh l\u1ecbch, d\u1ec5 ph\u1ed1i \u0111\u1ed3 v\u00e0 c\u00e1ch ch\u1ecdn l\u1eafc tay m\u1ecfng ph\u00f9 h\u1ee3p v\u1edbi phong c\u00e1ch c\u1ee7a b\u1ea1n.\" \/>\n<meta name=\"robots\" content=\"index, follow, max-snippet:-1, max-image-preview:large, max-video-preview:-1\" \/>\n<link rel=\"canonical\" href=\"https:\/\/bling.azdigi.shop\/?product=lac-tay-mong-manh-nhe-nhang\" \/>\n<meta property=\"og:locale\" content=\"vi_VN\" \/>\n<meta property=\"og:type\" content=\"article\" \/>\n<meta property=\"og:title\" content=\"L\u1eafc tay m\u1ecfng manh, nh\u1eb9 nh\u00e0ng, ph\u00f9 h\u1ee3p v\u1edbi m\u1ecdi phong c\u00e1ch - Ara Jewelry\" \/>\n<meta property=\"og:description\" content=\"T\u00ecm hi\u1ec3u l\u1eafc tay m\u1ecfng \u2013 ph\u1ee5 ki\u1ec7n trang s\u1ee9c thanh l\u1ecbch, d\u1ec5 ph\u1ed1i \u0111\u1ed3 v\u00e0 c\u00e1ch ch\u1ecdn l\u1eafc tay m\u1ecfng ph\u00f9 h\u1ee3p v\u1edbi phong c\u00e1ch c\u1ee7a b\u1ea1n.\" \/>\n<meta property=\"og:url\" content=\"https:\/\/bling.azdigi.shop\/?product=lac-tay-mong-manh-nhe-nhang\" \/>\n<meta property=\"og:site_name\" content=\"Ara Jewelry\" \/>\n<meta property=\"og:image\" content=\"https:\/\/bling.azdigi.shop\/wp-content\/uploads\/2026\/04\/z7732169447584_7b55ecc643ef2a44dc3c9440daf49ffd.jpg\" \/>\n\t<meta property=\"og:image:width\" content=\"1290\" \/>\n\t<meta property=\"og:image:height\" content=\"982\" \/>\n\t<meta property=\"og:image:type\" content=\"image\/jpeg\" \/>\n<meta name=\"twitter:card\" content=\"summary_large_image\" \/>\n<meta name=\"twitter:label1\" content=\"\u01af\u1edbc t\u00ednh th\u1eddi gian \u0111\u1ecdc\" \/>\n\t<meta name=\"twitter:data1\" content=\"2 ph\u00fat\" \/>\n<script type=\"application\/ld+json\" class=\"yoast-schema-graph\">{\"@context\":\"https:\\\/\\\/schema.org\",\"@graph\":[{\"@type\":\"WebPage\",\"@id\":\"https:\\\/\\\/bling.azdigi.shop\\\/?product=lac-tay-mong-manh-nhe-nhang\",\"url\":\"https:\\\/\\\/bling.azdigi.shop\\\/?product=lac-tay-mong-manh-nhe-nhang\",\"name\":\"L\u1eafc tay m\u1ecfng manh, nh\u1eb9 nh\u00e0ng, ph\u00f9 h\u1ee3p v\u1edbi m\u1ecdi phong c\u00e1ch - Ara Jewelry\",\"isPartOf\":{\"@id\":\"https:\\\/\\\/bling.azdigi.shop\\\/#website\"},\"primaryImageOfPage\":{\"@id\":\"https:\\\/\\\/bling.azdigi.shop\\\/?product=lac-tay-mong-manh-nhe-nhang#primaryimage\"},\"image\":{\"@id\":\"https:\\\/\\\/bling.azdigi.shop\\\/?product=lac-tay-mong-manh-nhe-nhang#primaryimage\"},\"thumbnailUrl\":\"https:\\\/\\\/bling.azdigi.shop\\\/wp-content\\\/uploads\\\/2026\\\/04\\\/z7732169447584_7b55ecc643ef2a44dc3c9440daf49ffd.jpg\",\"datePublished\":\"2026-04-17T16:38:09+00:00\",\"description\":\"T\u00ecm hi\u1ec3u l\u1eafc tay m\u1ecfng \u2013 ph\u1ee5 ki\u1ec7n trang s\u1ee9c thanh l\u1ecbch, d\u1ec5 ph\u1ed1i \u0111\u1ed3 v\u00e0 c\u00e1ch ch\u1ecdn l\u1eafc tay m\u1ecfng ph\u00f9 h\u1ee3p v\u1edbi phong c\u00e1ch c\u1ee7a b\u1ea1n.\",\"breadcrumb\":{\"@id\":\"https:\\\/\\\/bling.azdigi.shop\\\/?product=lac-tay-mong-manh-nhe-nhang#breadcrumb\"},\"inLanguage\":\"vi\",\"potentialAction\":[{\"@type\":\"ReadAction\",\"target\":[\"https:\\\/\\\/bling.azdigi.shop\\\/?product=lac-tay-mong-manh-nhe-nhang\"]}]},{\"@type\":\"ImageObject\",\"inLanguage\":\"vi\",\"@id\":\"https:\\\/\\\/bling.azdigi.shop\\\/?product=lac-tay-mong-manh-nhe-nhang#primaryimage\",\"url\":\"https:\\\/\\\/bling.azdigi.shop\\\/wp-content\\\/uploads\\\/2026\\\/04\\\/z7732169447584_7b55ecc643ef2a44dc3c9440daf49ffd.jpg\",\"contentUrl\":\"https:\\\/\\\/bling.azdigi.shop\\\/wp-content\\\/uploads\\\/2026\\\/04\\\/z7732169447584_7b55ecc643ef2a44dc3c9440daf49ffd.jpg\",\"width\":1290,\"height\":982},{\"@type\":\"BreadcrumbList\",\"@id\":\"https:\\\/\\\/bling.azdigi.shop\\\/?product=lac-tay-mong-manh-nhe-nhang#breadcrumb\",\"itemListElement\":[{\"@type\":\"ListItem\",\"position\":1,\"name\":\"Home\",\"item\":\"https:\\\/\\\/bling.azdigi.shop\\\/\"},{\"@type\":\"ListItem\",\"position\":2,\"name\":\"Shop\",\"item\":\"https:\\\/\\\/bling.azdigi.shop\\\/?page_id=8\"},{\"@type\":\"ListItem\",\"position\":3,\"name\":\"L\u1eafc tay m\u1ecfng manh, nh\u1eb9 nh\u00e0ng, ph\u00f9 h\u1ee3p v\u1edbi m\u1ecdi phong c\u00e1ch\"}]},{\"@type\":\"WebSite\",\"@id\":\"https:\\\/\\\/bling.azdigi.shop\\\/#website\",\"url\":\"https:\\\/\\\/bling.azdigi.shop\\\/\",\"name\":\"Ara Jewelry\",\"description\":\"\",\"potentialAction\":[{\"@type\":\"SearchAction\",\"target\":{\"@type\":\"EntryPoint\",\"urlTemplate\":\"https:\\\/\\\/bling.azdigi.shop\\\/?s={search_term_string}\"},\"query-input\":{\"@type\":\"PropertyValueSpecification\",\"valueRequired\":true,\"valueName\":\"search_term_string\"}}],\"inLanguage\":\"vi\"}]}<\/script>\n<!-- \/ Yoast SEO plugin. -->","yoast_head_json":{"title":"L\u1eafc tay m\u1ecfng manh, nh\u1eb9 nh\u00e0ng, ph\u00f9 h\u1ee3p v\u1edbi m\u1ecdi phong c\u00e1ch - Ara Jewelry","description":"T\u00ecm hi\u1ec3u l\u1eafc tay m\u1ecfng \u2013 ph\u1ee5 ki\u1ec7n trang s\u1ee9c thanh l\u1ecbch, d\u1ec5 ph\u1ed1i \u0111\u1ed3 v\u00e0 c\u00e1ch ch\u1ecdn l\u1eafc tay m\u1ecfng ph\u00f9 h\u1ee3p v\u1edbi phong c\u00e1ch c\u1ee7a b\u1ea1n.","robots":{"index":"index","follow":"follow","max-snippet":"max-snippet:-1","max-image-preview":"max-image-preview:large","max-video-preview":"max-video-preview:-1"},"canonical":"https:\/\/bling.azdigi.shop\/?product=lac-tay-mong-manh-nhe-nhang","og_locale":"vi_VN","og_type":"article","og_title":"L\u1eafc tay m\u1ecfng manh, nh\u1eb9 nh\u00e0ng, ph\u00f9 h\u1ee3p v\u1edbi m\u1ecdi phong c\u00e1ch - Ara Jewelry","og_description":"T\u00ecm hi\u1ec3u l\u1eafc tay m\u1ecfng \u2013 ph\u1ee5 ki\u1ec7n trang s\u1ee9c thanh l\u1ecbch, d\u1ec5 ph\u1ed1i \u0111\u1ed3 v\u00e0 c\u00e1ch ch\u1ecdn l\u1eafc tay m\u1ecfng ph\u00f9 h\u1ee3p v\u1edbi phong c\u00e1ch c\u1ee7a b\u1ea1n.","og_url":"https:\/\/bling.azdigi.shop\/?product=lac-tay-mong-manh-nhe-nhang","og_site_name":"Ara Jewelry","og_image":[{"width":1290,"height":982,"url":"https:\/\/bling.azdigi.shop\/wp-content\/uploads\/2026\/04\/z7732169447584_7b55ecc643ef2a44dc3c9440daf49ffd.jpg","type":"image\/jpeg"}],"twitter_card":"summary_large_image","twitter_misc":{"\u01af\u1edbc t\u00ednh th\u1eddi gian \u0111\u1ecdc":"2 ph\u00fat"},"schema":{"@context":"https:\/\/schema.org","@graph":[{"@type":"WebPage","@id":"https:\/\/bling.azdigi.shop\/?product=lac-tay-mong-manh-nhe-nhang","url":"https:\/\/bling.azdigi.shop\/?product=lac-tay-mong-manh-nhe-nhang","name":"L\u1eafc tay m\u1ecfng manh, nh\u1eb9 nh\u00e0ng, ph\u00f9 h\u1ee3p v\u1edbi m\u1ecdi phong c\u00e1ch - Ara Jewelry","isPartOf":{"@id":"https:\/\/bling.azdigi.shop\/#website"},"primaryImageOfPage":{"@id":"https:\/\/bling.azdigi.shop\/?product=lac-tay-mong-manh-nhe-nhang#primaryimage"},"image":{"@id":"https:\/\/bling.azdigi.shop\/?product=lac-tay-mong-manh-nhe-nhang#primaryimage"},"thumbnailUrl":"https:\/\/bling.azdigi.shop\/wp-content\/uploads\/2026\/04\/z7732169447584_7b55ecc643ef2a44dc3c9440daf49ffd.jpg","datePublished":"2026-04-17T16:38:09+00:00","description":"T\u00ecm hi\u1ec3u l\u1eafc tay m\u1ecfng \u2013 ph\u1ee5 ki\u1ec7n trang s\u1ee9c thanh l\u1ecbch, d\u1ec5 ph\u1ed1i \u0111\u1ed3 v\u00e0 c\u00e1ch ch\u1ecdn l\u1eafc tay m\u1ecfng ph\u00f9 h\u1ee3p v\u1edbi phong c\u00e1ch c\u1ee7a b\u1ea1n.","breadcrumb":{"@id":"https:\/\/bling.azdigi.shop\/?product=lac-tay-mong-manh-nhe-nhang#breadcrumb"},"inLanguage":"vi","potentialAction":[{"@type":"ReadAction","target":["https:\/\/bling.azdigi.shop\/?product=lac-tay-mong-manh-nhe-nhang"]}]},{"@type":"ImageObject","inLanguage":"vi","@id":"https:\/\/bling.azdigi.shop\/?product=lac-tay-mong-manh-nhe-nhang#primaryimage","url":"https:\/\/bling.azdigi.shop\/wp-content\/uploads\/2026\/04\/z7732169447584_7b55ecc643ef2a44dc3c9440daf49ffd.jpg","contentUrl":"https:\/\/bling.azdigi.shop\/wp-content\/uploads\/2026\/04\/z7732169447584_7b55ecc643ef2a44dc3c9440daf49ffd.jpg","width":1290,"height":982},{"@type":"BreadcrumbList","@id":"https:\/\/bling.azdigi.shop\/?product=lac-tay-mong-manh-nhe-nhang#breadcrumb","itemListElement":[{"@type":"ListItem","position":1,"name":"Home","item":"https:\/\/bling.azdigi.shop\/"},{"@type":"ListItem","position":2,"name":"Shop","item":"https:\/\/bling.azdigi.shop\/?page_id=8"},{"@type":"ListItem","position":3,"name":"L\u1eafc tay m\u1ecfng manh, nh\u1eb9 nh\u00e0ng, ph\u00f9 h\u1ee3p v\u1edbi m\u1ecdi phong c\u00e1ch"}]},{"@type":"WebSite","@id":"https:\/\/bling.azdigi.shop\/#website","url":"https:\/\/bling.azdigi.shop\/","name":"Ara Jewelry","description":"","potentialAction":[{"@type":"SearchAction","target":{"@type":"EntryPoint","urlTemplate":"https:\/\/bling.azdigi.shop\/?s={search_term_string}"},"query-input":{"@type":"PropertyValueSpecification","valueRequired":true,"valueName":"search_term_string"}}],"inLanguage":"vi"}]}},"_links":{"self":[{"href":"https:\/\/bling.azdigi.shop\/index.php?rest_route=\/wp\/v2\/product\/259","targetHints":{"allow":["GET"]}}],"collection":[{"href":"https:\/\/bling.azdigi.shop\/index.php?rest_route=\/wp\/v2\/product"}],"about":[{"href":"https:\/\/bling.azdigi.shop\/index.php?rest_route=\/wp\/v2\/types\/product"}],"replies":[{"embeddable":true,"href":"https:\/\/bling.azdigi.shop\/index.php?rest_route=%2Fwp%2Fv2%2Fcomments&post=259"}],"wp:featuredmedia":[{"embeddable":true,"href":"https:\/\/bling.azdigi.shop\/index.php?rest_route=\/wp\/v2\/media\/165"}],"wp:attachment":[{"href":"https:\/\/bling.azdigi.shop\/index.php?rest_route=%2Fwp%2Fv2%2Fmedia&parent=259"}],"wp:term":[{"taxonomy":"product_brand","embeddable":true,"href":"https:\/\/bling.azdigi.shop\/index.php?rest_route=%2Fwp%2Fv2%2Fproduct_brand&post=259"},{"taxonomy":"product_cat","embeddable":true,"href":"https:\/\/bling.azdigi.shop\/index.php?rest_route=%2Fwp%2Fv2%2Fproduct_cat&post=259"},{"taxonomy":"product_tag","embeddable":true,"href":"https:\/\/bling.azdigi.shop\/index.php?rest_route=%2Fwp%2Fv2%2Fproduct_tag&post=259"}],"curies":[{"name":"wp","href":"https:\/\/api.w.org\/{rel}","templated":true}]}}