{"id":205,"date":"2026-04-17T15:51:13","date_gmt":"2026-04-17T15:51:13","guid":{"rendered":"https:\/\/bling.azdigi.shop\/?post_type=product&#038;p=205"},"modified":"2026-04-17T15:51:44","modified_gmt":"2026-04-17T15:51:44","slug":"lac-chan-bac-trai-tim","status":"publish","type":"product","link":"https:\/\/bling.azdigi.shop\/?product=lac-chan-bac-trai-tim","title":{"rendered":"L\u1eafc ch\u00e2n b\u1ea1c tr\u00e1i tim"},"content":{"rendered":"<p data-start=\"0\" data-end=\"83\"><strong data-start=\"0\" data-end=\"83\">L\u1eafc ch\u00e2n b\u1ea1c\u00a0 h\u00ecnh tr\u00e1i tim \u0111\u00ednh \u0111\u00e1 \u2013 Bi\u1ec3u t\u01b0\u1ee3ng c\u1ee7a t\u00ecnh y\u00eau tinh t\u1ebf<\/strong><\/p>\n<p data-start=\"85\" data-end=\"311\">B\u1ea1n \u0111ang t\u00ecm m\u1ed9t m\u00f3n trang s\u1ee9c v\u1eeba thanh l\u1ecbch v\u1eeba mang \u00fd ngh\u0129a \u0111\u1eb7c bi\u1ec7t? L\u1eafc ch\u00e2n b\u1ea1c v\u1edbi thi\u1ebft k\u1ebf tr\u00e1i tim \u0111\u00ednh \u0111\u00e1 ch\u00ednh l\u00e0 l\u1ef1a ch\u1ecdn ho\u00e0n h\u1ea3o gi\u00fap t\u00f4n l\u00ean v\u1ebb \u0111\u1eb9p n\u1eef t\u00ednh v\u00e0 duy\u00ean d\u00e1ng.<\/p>\n<h3 data-section-id=\"1xierre\" data-start=\"318\" data-end=\"361\">\ud83d\udc96 Thi\u1ebft k\u1ebf tr\u00e1i tim ng\u1ecdt ng\u00e0o, n\u1ed5i b\u1eadt<\/h3>\n<p data-start=\"362\" data-end=\"414\">S\u1ea3n ph\u1ea9m g\u00e2y \u1ea5n t\u01b0\u1ee3ng v\u1edbi c\u1ee5m charm 3 h\u00ecnh tr\u00e1i tim:<\/p>\n<ul data-start=\"415\" data-end=\"556\">\n<li data-section-id=\"iagni2\" data-start=\"415\" data-end=\"493\">M\u1ed9t tr\u00e1i tim trung t\u00e2m \u0111\u01b0\u1ee3c <strong data-start=\"445\" data-end=\"465\">\u0111\u00ednh \u0111\u00e1 l\u1ea5p l\u00e1nh<\/strong>, t\u1ea1o \u0111i\u1ec3m nh\u1ea5n sang tr\u1ecdng<\/li>\n<li data-section-id=\"ylmf15\" data-start=\"494\" data-end=\"556\">Hai tr\u00e1i tim hai b\u00ean thi\u1ebft k\u1ebf t\u1ed1i gi\u1ea3n, c\u00e2n \u0111\u1ed1i v\u00e0 tinh t\u1ebf<\/li>\n<\/ul>\n<p data-start=\"558\" data-end=\"647\">Ki\u1ec3u d\u00e1ng n\u00e0y kh\u00f4ng ch\u1ec9 \u0111\u1eb9p m\u1eaft m\u00e0 c\u00f2n mang \u00fd ngh\u0129a v\u1ec1 t\u00ecnh y\u00eau, s\u1ef1 g\u1eafn k\u1ebft v\u00e0 h\u1ea1nh ph\u00fac.<\/p>\n<p data-start=\"558\" data-end=\"647\"><img loading=\"lazy\" decoding=\"async\" class=\"alignnone size-medium wp-image-207\" src=\"https:\/\/bling.azdigi.shop\/wp-content\/uploads\/2026\/04\/sp-slxm00k000021-lac-chan-bac-dinh-da-pnjsilver-hinh-trai-tim-1-300x300.png\" alt=\"\" width=\"300\" height=\"300\" srcset=\"https:\/\/bling.azdigi.shop\/wp-content\/uploads\/2026\/04\/sp-slxm00k000021-lac-chan-bac-dinh-da-pnjsilver-hinh-trai-tim-1-300x300.png 300w, https:\/\/bling.azdigi.shop\/wp-content\/uploads\/2026\/04\/sp-slxm00k000021-lac-chan-bac-dinh-da-pnjsilver-hinh-trai-tim-1-1024x1024.png 1024w, https:\/\/bling.azdigi.shop\/wp-content\/uploads\/2026\/04\/sp-slxm00k000021-lac-chan-bac-dinh-da-pnjsilver-hinh-trai-tim-1-150x150.png 150w, https:\/\/bling.azdigi.shop\/wp-content\/uploads\/2026\/04\/sp-slxm00k000021-lac-chan-bac-dinh-da-pnjsilver-hinh-trai-tim-1-768x768.png 768w, https:\/\/bling.azdigi.shop\/wp-content\/uploads\/2026\/04\/sp-slxm00k000021-lac-chan-bac-dinh-da-pnjsilver-hinh-trai-tim-1-1536x1536.png 1536w, https:\/\/bling.azdigi.shop\/wp-content\/uploads\/2026\/04\/sp-slxm00k000021-lac-chan-bac-dinh-da-pnjsilver-hinh-trai-tim-1-600x600.png 600w, https:\/\/bling.azdigi.shop\/wp-content\/uploads\/2026\/04\/sp-slxm00k000021-lac-chan-bac-dinh-da-pnjsilver-hinh-trai-tim-1-100x100.png 100w, https:\/\/bling.azdigi.shop\/wp-content\/uploads\/2026\/04\/sp-slxm00k000021-lac-chan-bac-dinh-da-pnjsilver-hinh-trai-tim-1.png 2000w\" sizes=\"auto, (max-width: 300px) 100vw, 300px\" \/><\/p>\n<h3 data-section-id=\"11e4x36\" data-start=\"654\" data-end=\"691\">\u2728 Ch\u1ea5t li\u1ec7u b\u1ea1c cao c\u1ea5p, s\u00e1ng b\u1ec1n<\/h3>\n<p data-start=\"692\" data-end=\"732\">L\u1eafc ch\u00e2n \u0111\u01b0\u1ee3c ch\u1ebf t\u00e1c t\u1eeb b\u1ea1c :<\/p>\n<ul data-start=\"733\" data-end=\"846\">\n<li data-section-id=\"1ba0v6b\" data-start=\"733\" data-end=\"765\">B\u1ec1 m\u1eb7t s\u00e1ng b\u00f3ng, sang tr\u1ecdng<\/li>\n<li data-section-id=\"1xq42qq\" data-start=\"766\" data-end=\"796\">\u00cdt b\u1ecb oxy h\u00f3a, gi\u1eef m\u00e0u l\u00e2u<\/li>\n<li data-section-id=\"176lr2p\" data-start=\"797\" data-end=\"846\">An to\u00e0n cho l\u00e0n da, ph\u00f9 h\u1ee3p s\u1eed d\u1ee5ng h\u1eb1ng ng\u00e0y<\/li>\n<\/ul>\n<h3 data-section-id=\"rjhior\" data-start=\"853\" data-end=\"896\">\ud83c\udf38 D\u1ec5 ph\u1ed1i \u0111\u1ed3, ph\u00f9 h\u1ee3p nhi\u1ec1u phong c\u00e1ch<\/h3>\n<p data-start=\"897\" data-end=\"940\">Thi\u1ebft k\u1ebf m\u1ea3nh nh\u1eb9 gi\u00fap b\u1ea1n d\u1ec5 d\u00e0ng k\u1ebft h\u1ee3p:<\/p>\n<ul data-start=\"941\" data-end=\"1025\">\n<li data-section-id=\"1ir65ms\" data-start=\"941\" data-end=\"967\">V\u00e1y n\u1eef t\u00ednh, nh\u1eb9 nh\u00e0ng<\/li>\n<li data-section-id=\"m698k6\" data-start=\"968\" data-end=\"993\">Outfit \u0111i h\u1ecdc, \u0111i l\u00e0m<\/li>\n<li data-section-id=\"a2aeru\" data-start=\"994\" data-end=\"1025\">Trang ph\u1ee5c d\u1ea1o ph\u1ed1, du l\u1ecbch<\/li>\n<\/ul>\n<p data-start=\"1027\" data-end=\"1109\">D\u00f9 \u1edf phong c\u00e1ch n\u00e0o, chi\u1ebfc l\u1eafc ch\u00e2n v\u1eabn gi\u00fap b\u1ea1n tr\u1edf n\u00ean n\u1ed5i b\u1eadt m\u1ed9t c\u00e1ch tinh t\u1ebf.<\/p>\n<h3 data-section-id=\"j0rsyl\" data-start=\"1116\" data-end=\"1163\">\ud83c\udf81 M\u00f3n qu\u00e0 \u00fd ngh\u0129a cho ng\u01b0\u1eddi b\u1ea1n y\u00eau th\u01b0\u01a1ng<\/h3>\n<p data-start=\"1164\" data-end=\"1220\">V\u1edbi bi\u1ec3u t\u01b0\u1ee3ng tr\u00e1i tim, s\u1ea3n ph\u1ea9m r\u1ea5t th\u00edch h\u1ee3p l\u00e0m qu\u00e0:<\/p>\n<ul data-start=\"1221\" data-end=\"1308\">\n<li data-section-id=\"1nqvaxz\" data-start=\"1221\" data-end=\"1248\">T\u1eb7ng ng\u01b0\u1eddi y\u00eau, b\u1ea1n g\u00e1i<\/li>\n<li data-section-id=\"132973m\" data-start=\"1249\" data-end=\"1275\">Qu\u00e0 sinh nh\u1eadt, k\u1ef7 ni\u1ec7m<\/li>\n<li data-section-id=\"1gzcott\" data-start=\"1276\" data-end=\"1308\">Th\u1ec3 hi\u1ec7n t\u00ecnh c\u1ea3m ch\u00e2n th\u00e0nh<\/li>\n<\/ul>\n<h3 data-section-id=\"hgkwvg\" data-start=\"1315\" data-end=\"1339\">\ud83d\udccc Th\u00f4ng tin n\u1ed5i b\u1eadt<\/h3>\n<ul data-start=\"1340\" data-end=\"1482\">\n<li data-section-id=\"b51fng\" data-start=\"1340\" data-end=\"1369\">Ch\u1ea5t li\u1ec7u: B\u1ea1c<\/li>\n<li data-section-id=\"14o5kze\" data-start=\"1370\" data-end=\"1421\">Thi\u1ebft k\u1ebf: L\u1eafc ch\u00e2n m\u1ea3nh, charm tr\u00e1i tim \u0111\u00ednh \u0111\u00e1<\/li>\n<li data-section-id=\"1ttj7z4\" data-start=\"1422\" data-end=\"1457\">Phong c\u00e1ch: N\u1eef t\u00ednh, thanh l\u1ecbch<\/li>\n<li data-section-id=\"1b6fjw4\" data-start=\"1458\" data-end=\"1482\">Ph\u00f9 h\u1ee3p: M\u1ecdi \u0111\u1ed9 tu\u1ed5i<\/li>\n<\/ul>\n","protected":false},"excerpt":{"rendered":"<div class=\"mp-block-description\">\n<p>C\u00f3 th\u1ec3 n\u00f3i, l\u1eafc ch\u00e2n l\u00e0 ph\u1ee5 ki\u1ec7n m\u00e0 b\u1ea5t k\u1ef3 c\u00f4 g\u00e1i n\u00e0o c\u0169ng c\u00f3 th\u1ec3 d\u1ec5 d\u00e0ng s\u1eed d\u1ee5ng \u0111\u1ec3 k\u1ebft h\u1ee3p v\u1edbi nh\u1eefng thi\u1ebft k\u1ebf cut-out quy\u1ebfn r\u0169 hay th\u1eadm ch\u00ed l\u00e0 trang ph\u1ee5c \u0111\u1eddi th\u01b0\u1eddng. V\u1edbi nh\u1eefng ki\u1ec3u l\u1eafc ch\u00e2n \u0111\u01a1n gi\u1ea3n tinh t\u1ebf nh\u1ea5t th\u01b0\u1eddng ch\u1ec9 v\u1edbi m\u1ed9t v\u00f2ng d\u00e2y m\u1ea3nh ho\u1eb7c \u0111\u01b0\u1ee3c \u0111i\u1ec3m t\u00f4 b\u1edfi m\u1ed9t \u00edt ph\u1ee5 ki\u1ec7n nh\u1ecf xinh nh\u01b0: b\u00f4ng hoa, chi\u1ebfc l\u00e1, tr\u00e1i tim hay nh\u1eefng h\u1ea1t charm sang tr\u1ecdng n\u1ed5i b\u1eadt l\u00e0m xi\u00eau l\u00f2ng ph\u00e1i \u0111\u1eb9p.<\/p>\n<\/div>\n<div class=\"mp-block-description\">\n<p>Nh\u1eefng chi\u1ebfc l\u1eafc ch\u00e2n \u00a0r\u1ea5t bi\u1ebft c\u00e1ch l\u00e0m h\u00e0i l\u00f2ng ch\u1ee7 nh\u00e2n c\u1ee7a m\u00ecnh d\u00f9 n\u00e0ng \u0111i ch\u00e2n tr\u1ea7n d\u1ea1o bi\u1ec3n, tr\u1ebb trung, n\u0103ng \u0111\u1ed9ng tr\u00ean \u0111\u00f4i d\u00e9p t\u00f4ng hay duy\u00ean d\u00e1ng, n\u1eef t\u00ednh tr\u00ean \u0111\u00f4i gi\u00e0y cao g\u00f3t th\u00ec n\u00f3 \u0111\u1ec1u gi\u00fap n\u00e0ng t\u1ecfa s\u00e1ng \u1edf m\u1ecdi g\u00f3c nh\u00ecn. M\u1ed9t chi\u1ebfc v\u00e1y x\u00f2e \u0111i\u1ec7u \u0111\u00e0, chi\u1ebfc v\u00e1y maxi h\u1ee3p th\u1eddi hay qu\u1ea7n b\u00f2 \u00e1o s\u01a1 mi\u2026\u0111\u1ec1u l\u00e0 nh\u1eefng trang ph\u1ee5c k\u1ebft h\u1ee3p \u201c\u0103n r\u01a1\u201d v\u1edbi l\u1eafc ch\u00e2n.<\/p>\n<\/div>\n","protected":false},"featured_media":207,"comment_status":"open","ping_status":"closed","template":"","meta":[],"product_brand":[],"product_cat":[19],"product_tag":[],"class_list":{"0":"post-205","1":"product","2":"type-product","3":"status-publish","4":"has-post-thumbnail","6":"product_cat-lac-chan","8":"first","9":"instock","10":"sale","11":"shipping-taxable","12":"purchasable","13":"product-type-variable"},"yoast_head":"<!-- This site is optimized with the Yoast SEO plugin v27.4 - https:\/\/yoast.com\/product\/yoast-seo-wordpress\/ -->\n<title>L\u1eafc ch\u00e2n b\u1ea1c tr\u00e1i tim - Ara Jewelry<\/title>\n<meta name=\"description\" content=\"L\u1eafc ch\u00e2n b\u1ea1c h\u00ecnh tr\u00e1i tim \u0111\u00ednh \u0111\u00e1 l\u1ea5p l\u00e1nh, thi\u1ebft k\u1ebf tinh t\u1ebf, n\u1eef t\u00ednh. Trang s\u1ee9c b\u1ea1c cao c\u1ea5p, d\u1ec5 ph\u1ed1i \u0111\u1ed3, m\u00f3n qu\u00e0 \u00fd ngh\u0129a cho ph\u00e1i \u0111\u1eb9p.\" \/>\n<meta name=\"robots\" content=\"index, follow, max-snippet:-1, max-image-preview:large, max-video-preview:-1\" \/>\n<link rel=\"canonical\" href=\"https:\/\/bling.azdigi.shop\/?product=lac-chan-bac-trai-tim\" \/>\n<meta property=\"og:locale\" content=\"vi_VN\" \/>\n<meta property=\"og:type\" content=\"article\" \/>\n<meta property=\"og:title\" content=\"L\u1eafc ch\u00e2n b\u1ea1c tr\u00e1i tim - Ara Jewelry\" \/>\n<meta property=\"og:description\" content=\"L\u1eafc ch\u00e2n b\u1ea1c h\u00ecnh tr\u00e1i tim \u0111\u00ednh \u0111\u00e1 l\u1ea5p l\u00e1nh, thi\u1ebft k\u1ebf tinh t\u1ebf, n\u1eef t\u00ednh. Trang s\u1ee9c b\u1ea1c cao c\u1ea5p, d\u1ec5 ph\u1ed1i \u0111\u1ed3, m\u00f3n qu\u00e0 \u00fd ngh\u0129a cho ph\u00e1i \u0111\u1eb9p.\" \/>\n<meta property=\"og:url\" content=\"https:\/\/bling.azdigi.shop\/?product=lac-chan-bac-trai-tim\" \/>\n<meta property=\"og:site_name\" content=\"Ara Jewelry\" \/>\n<meta property=\"article:modified_time\" content=\"2026-04-17T15:51:44+00:00\" \/>\n<meta property=\"og:image\" content=\"https:\/\/bling.azdigi.shop\/wp-content\/uploads\/2026\/04\/sp-slxm00k000021-lac-chan-bac-dinh-da-pnjsilver-hinh-trai-tim-1.png\" \/>\n\t<meta property=\"og:image:width\" content=\"2000\" \/>\n\t<meta property=\"og:image:height\" content=\"2000\" \/>\n\t<meta property=\"og:image:type\" content=\"image\/png\" \/>\n<meta name=\"twitter:card\" content=\"summary_large_image\" \/>\n<meta name=\"twitter:label1\" content=\"\u01af\u1edbc t\u00ednh th\u1eddi gian \u0111\u1ecdc\" \/>\n\t<meta name=\"twitter:data1\" content=\"2 ph\u00fat\" \/>\n<script type=\"application\/ld+json\" class=\"yoast-schema-graph\">{\"@context\":\"https:\\\/\\\/schema.org\",\"@graph\":[{\"@type\":\"WebPage\",\"@id\":\"https:\\\/\\\/bling.azdigi.shop\\\/?product=lac-chan-bac-trai-tim\",\"url\":\"https:\\\/\\\/bling.azdigi.shop\\\/?product=lac-chan-bac-trai-tim\",\"name\":\"L\u1eafc ch\u00e2n b\u1ea1c tr\u00e1i tim - Ara Jewelry\",\"isPartOf\":{\"@id\":\"https:\\\/\\\/bling.azdigi.shop\\\/#website\"},\"primaryImageOfPage\":{\"@id\":\"https:\\\/\\\/bling.azdigi.shop\\\/?product=lac-chan-bac-trai-tim#primaryimage\"},\"image\":{\"@id\":\"https:\\\/\\\/bling.azdigi.shop\\\/?product=lac-chan-bac-trai-tim#primaryimage\"},\"thumbnailUrl\":\"https:\\\/\\\/bling.azdigi.shop\\\/wp-content\\\/uploads\\\/2026\\\/04\\\/sp-slxm00k000021-lac-chan-bac-dinh-da-pnjsilver-hinh-trai-tim-1.png\",\"datePublished\":\"2026-04-17T15:51:13+00:00\",\"dateModified\":\"2026-04-17T15:51:44+00:00\",\"description\":\"L\u1eafc ch\u00e2n b\u1ea1c h\u00ecnh tr\u00e1i tim \u0111\u00ednh \u0111\u00e1 l\u1ea5p l\u00e1nh, thi\u1ebft k\u1ebf tinh t\u1ebf, n\u1eef t\u00ednh. Trang s\u1ee9c b\u1ea1c cao c\u1ea5p, d\u1ec5 ph\u1ed1i \u0111\u1ed3, m\u00f3n qu\u00e0 \u00fd ngh\u0129a cho ph\u00e1i \u0111\u1eb9p.\",\"breadcrumb\":{\"@id\":\"https:\\\/\\\/bling.azdigi.shop\\\/?product=lac-chan-bac-trai-tim#breadcrumb\"},\"inLanguage\":\"vi\",\"potentialAction\":[{\"@type\":\"ReadAction\",\"target\":[\"https:\\\/\\\/bling.azdigi.shop\\\/?product=lac-chan-bac-trai-tim\"]}]},{\"@type\":\"ImageObject\",\"inLanguage\":\"vi\",\"@id\":\"https:\\\/\\\/bling.azdigi.shop\\\/?product=lac-chan-bac-trai-tim#primaryimage\",\"url\":\"https:\\\/\\\/bling.azdigi.shop\\\/wp-content\\\/uploads\\\/2026\\\/04\\\/sp-slxm00k000021-lac-chan-bac-dinh-da-pnjsilver-hinh-trai-tim-1.png\",\"contentUrl\":\"https:\\\/\\\/bling.azdigi.shop\\\/wp-content\\\/uploads\\\/2026\\\/04\\\/sp-slxm00k000021-lac-chan-bac-dinh-da-pnjsilver-hinh-trai-tim-1.png\",\"width\":2000,\"height\":2000},{\"@type\":\"BreadcrumbList\",\"@id\":\"https:\\\/\\\/bling.azdigi.shop\\\/?product=lac-chan-bac-trai-tim#breadcrumb\",\"itemListElement\":[{\"@type\":\"ListItem\",\"position\":1,\"name\":\"Home\",\"item\":\"https:\\\/\\\/bling.azdigi.shop\\\/\"},{\"@type\":\"ListItem\",\"position\":2,\"name\":\"Shop\",\"item\":\"https:\\\/\\\/bling.azdigi.shop\\\/?page_id=8\"},{\"@type\":\"ListItem\",\"position\":3,\"name\":\"L\u1eafc ch\u00e2n b\u1ea1c tr\u00e1i tim\"}]},{\"@type\":\"WebSite\",\"@id\":\"https:\\\/\\\/bling.azdigi.shop\\\/#website\",\"url\":\"https:\\\/\\\/bling.azdigi.shop\\\/\",\"name\":\"Ara Jewelry\",\"description\":\"\",\"potentialAction\":[{\"@type\":\"SearchAction\",\"target\":{\"@type\":\"EntryPoint\",\"urlTemplate\":\"https:\\\/\\\/bling.azdigi.shop\\\/?s={search_term_string}\"},\"query-input\":{\"@type\":\"PropertyValueSpecification\",\"valueRequired\":true,\"valueName\":\"search_term_string\"}}],\"inLanguage\":\"vi\"}]}<\/script>\n<!-- \/ Yoast SEO plugin. -->","yoast_head_json":{"title":"L\u1eafc ch\u00e2n b\u1ea1c tr\u00e1i tim - Ara Jewelry","description":"L\u1eafc ch\u00e2n b\u1ea1c h\u00ecnh tr\u00e1i tim \u0111\u00ednh \u0111\u00e1 l\u1ea5p l\u00e1nh, thi\u1ebft k\u1ebf tinh t\u1ebf, n\u1eef t\u00ednh. Trang s\u1ee9c b\u1ea1c cao c\u1ea5p, d\u1ec5 ph\u1ed1i \u0111\u1ed3, m\u00f3n qu\u00e0 \u00fd ngh\u0129a cho ph\u00e1i \u0111\u1eb9p.","robots":{"index":"index","follow":"follow","max-snippet":"max-snippet:-1","max-image-preview":"max-image-preview:large","max-video-preview":"max-video-preview:-1"},"canonical":"https:\/\/bling.azdigi.shop\/?product=lac-chan-bac-trai-tim","og_locale":"vi_VN","og_type":"article","og_title":"L\u1eafc ch\u00e2n b\u1ea1c tr\u00e1i tim - Ara Jewelry","og_description":"L\u1eafc ch\u00e2n b\u1ea1c h\u00ecnh tr\u00e1i tim \u0111\u00ednh \u0111\u00e1 l\u1ea5p l\u00e1nh, thi\u1ebft k\u1ebf tinh t\u1ebf, n\u1eef t\u00ednh. Trang s\u1ee9c b\u1ea1c cao c\u1ea5p, d\u1ec5 ph\u1ed1i \u0111\u1ed3, m\u00f3n qu\u00e0 \u00fd ngh\u0129a cho ph\u00e1i \u0111\u1eb9p.","og_url":"https:\/\/bling.azdigi.shop\/?product=lac-chan-bac-trai-tim","og_site_name":"Ara Jewelry","article_modified_time":"2026-04-17T15:51:44+00:00","og_image":[{"width":2000,"height":2000,"url":"https:\/\/bling.azdigi.shop\/wp-content\/uploads\/2026\/04\/sp-slxm00k000021-lac-chan-bac-dinh-da-pnjsilver-hinh-trai-tim-1.png","type":"image\/png"}],"twitter_card":"summary_large_image","twitter_misc":{"\u01af\u1edbc t\u00ednh th\u1eddi gian \u0111\u1ecdc":"2 ph\u00fat"},"schema":{"@context":"https:\/\/schema.org","@graph":[{"@type":"WebPage","@id":"https:\/\/bling.azdigi.shop\/?product=lac-chan-bac-trai-tim","url":"https:\/\/bling.azdigi.shop\/?product=lac-chan-bac-trai-tim","name":"L\u1eafc ch\u00e2n b\u1ea1c tr\u00e1i tim - Ara Jewelry","isPartOf":{"@id":"https:\/\/bling.azdigi.shop\/#website"},"primaryImageOfPage":{"@id":"https:\/\/bling.azdigi.shop\/?product=lac-chan-bac-trai-tim#primaryimage"},"image":{"@id":"https:\/\/bling.azdigi.shop\/?product=lac-chan-bac-trai-tim#primaryimage"},"thumbnailUrl":"https:\/\/bling.azdigi.shop\/wp-content\/uploads\/2026\/04\/sp-slxm00k000021-lac-chan-bac-dinh-da-pnjsilver-hinh-trai-tim-1.png","datePublished":"2026-04-17T15:51:13+00:00","dateModified":"2026-04-17T15:51:44+00:00","description":"L\u1eafc ch\u00e2n b\u1ea1c h\u00ecnh tr\u00e1i tim \u0111\u00ednh \u0111\u00e1 l\u1ea5p l\u00e1nh, thi\u1ebft k\u1ebf tinh t\u1ebf, n\u1eef t\u00ednh. Trang s\u1ee9c b\u1ea1c cao c\u1ea5p, d\u1ec5 ph\u1ed1i \u0111\u1ed3, m\u00f3n qu\u00e0 \u00fd ngh\u0129a cho ph\u00e1i \u0111\u1eb9p.","breadcrumb":{"@id":"https:\/\/bling.azdigi.shop\/?product=lac-chan-bac-trai-tim#breadcrumb"},"inLanguage":"vi","potentialAction":[{"@type":"ReadAction","target":["https:\/\/bling.azdigi.shop\/?product=lac-chan-bac-trai-tim"]}]},{"@type":"ImageObject","inLanguage":"vi","@id":"https:\/\/bling.azdigi.shop\/?product=lac-chan-bac-trai-tim#primaryimage","url":"https:\/\/bling.azdigi.shop\/wp-content\/uploads\/2026\/04\/sp-slxm00k000021-lac-chan-bac-dinh-da-pnjsilver-hinh-trai-tim-1.png","contentUrl":"https:\/\/bling.azdigi.shop\/wp-content\/uploads\/2026\/04\/sp-slxm00k000021-lac-chan-bac-dinh-da-pnjsilver-hinh-trai-tim-1.png","width":2000,"height":2000},{"@type":"BreadcrumbList","@id":"https:\/\/bling.azdigi.shop\/?product=lac-chan-bac-trai-tim#breadcrumb","itemListElement":[{"@type":"ListItem","position":1,"name":"Home","item":"https:\/\/bling.azdigi.shop\/"},{"@type":"ListItem","position":2,"name":"Shop","item":"https:\/\/bling.azdigi.shop\/?page_id=8"},{"@type":"ListItem","position":3,"name":"L\u1eafc ch\u00e2n b\u1ea1c tr\u00e1i tim"}]},{"@type":"WebSite","@id":"https:\/\/bling.azdigi.shop\/#website","url":"https:\/\/bling.azdigi.shop\/","name":"Ara Jewelry","description":"","potentialAction":[{"@type":"SearchAction","target":{"@type":"EntryPoint","urlTemplate":"https:\/\/bling.azdigi.shop\/?s={search_term_string}"},"query-input":{"@type":"PropertyValueSpecification","valueRequired":true,"valueName":"search_term_string"}}],"inLanguage":"vi"}]}},"_links":{"self":[{"href":"https:\/\/bling.azdigi.shop\/index.php?rest_route=\/wp\/v2\/product\/205","targetHints":{"allow":["GET"]}}],"collection":[{"href":"https:\/\/bling.azdigi.shop\/index.php?rest_route=\/wp\/v2\/product"}],"about":[{"href":"https:\/\/bling.azdigi.shop\/index.php?rest_route=\/wp\/v2\/types\/product"}],"replies":[{"embeddable":true,"href":"https:\/\/bling.azdigi.shop\/index.php?rest_route=%2Fwp%2Fv2%2Fcomments&post=205"}],"wp:featuredmedia":[{"embeddable":true,"href":"https:\/\/bling.azdigi.shop\/index.php?rest_route=\/wp\/v2\/media\/207"}],"wp:attachment":[{"href":"https:\/\/bling.azdigi.shop\/index.php?rest_route=%2Fwp%2Fv2%2Fmedia&parent=205"}],"wp:term":[{"taxonomy":"product_brand","embeddable":true,"href":"https:\/\/bling.azdigi.shop\/index.php?rest_route=%2Fwp%2Fv2%2Fproduct_brand&post=205"},{"taxonomy":"product_cat","embeddable":true,"href":"https:\/\/bling.azdigi.shop\/index.php?rest_route=%2Fwp%2Fv2%2Fproduct_cat&post=205"},{"taxonomy":"product_tag","embeddable":true,"href":"https:\/\/bling.azdigi.shop\/index.php?rest_route=%2Fwp%2Fv2%2Fproduct_tag&post=205"}],"curies":[{"name":"wp","href":"https:\/\/api.w.org\/{rel}","templated":true}]}}